{"id":9,"date":"2026-03-12T18:06:10","date_gmt":"2026-03-12T18:06:10","guid":{"rendered":"https:\/\/stjoyeria.com\/index.php\/cart\/"},"modified":"2026-03-16T20:46:52","modified_gmt":"2026-03-16T20:46:52","slug":"cart","status":"publish","type":"page","link":"https:\/\/stjoyeria.com\/index.php\/cart\/","title":{"rendered":"Cart"},"content":{"rendered":"\t\t<div data-elementor-type=\"wp-page\" data-elementor-id=\"9\" class=\"elementor elementor-9\" data-elementor-post-type=\"page\">\n\t\t\t\t<div class=\"elementor-element elementor-element-340e8138 e-flex e-con-boxed e-con e-parent\" data-id=\"340e8138\" data-element_type=\"container\" data-e-type=\"container\" data-settings=\"{&quot;background_background&quot;:&quot;classic&quot;}\">\n\t\t\t\t\t<div class=\"e-con-inner\">\n\t\t<div class=\"elementor-element elementor-element-19d97764 e-con-full e-flex e-con e-child\" data-id=\"19d97764\" data-element_type=\"container\" data-e-type=\"container\">\n\t\t\t\t<\/div>\n\t\t\t\t\t<\/div>\n\t\t\t\t<\/div>\n\t\t\t\t<\/div>\n\t\t","protected":false},"excerpt":{"rendered":"<p>\u00bfHas recibido una tarjeta regalo de un ser querido? \u00a1\u00dasala aqu\u00ed! Aplica el c\u00f3digo de la tarjeta regalo en el siguiente campo Aplicar tarjeta regalo Eliminar art\u00edculo Imagen en miniatura Producto Precio Cantidad Subtotal &times; Producto 2 &#36;&nbsp;100.000 Producto 2 cantidad &#36;&nbsp;100.000 Apply coupon Total Carrito Subtotal &#36;&nbsp;100.000 Total &#36;&nbsp;100.000 Finalizar Compra<\/p>\n","protected":false},"author":1,"featured_media":0,"parent":0,"menu_order":0,"comment_status":"closed","ping_status":"closed","template":"","meta":{"footnotes":""},"class_list":["post-9","page","type-page","status-publish","hentry"],"yoast_head":"<!-- This site is optimized with the Yoast SEO plugin v27.3 - https:\/\/yoast.com\/product\/yoast-seo-wordpress\/ -->\n<title>Cart - STJOYERIA<\/title>\n<meta name=\"robots\" content=\"index, follow, max-snippet:-1, max-image-preview:large, max-video-preview:-1\" \/>\n<link rel=\"canonical\" href=\"https:\/\/stjoyeria.com\/index.php\/cart\/\" \/>\n<meta property=\"og:locale\" content=\"es_ES\" \/>\n<meta property=\"og:type\" content=\"article\" \/>\n<meta property=\"og:title\" content=\"Cart - STJOYERIA\" \/>\n<meta property=\"og:description\" content=\"\u00bfHas recibido una tarjeta regalo de un ser querido? \u00a1\u00dasala aqu\u00ed! Aplica el c\u00f3digo de la tarjeta regalo en el siguiente campo Aplicar tarjeta regalo Eliminar art\u00edculo Imagen en miniatura Producto Precio Cantidad Subtotal &times; Producto 2 &#036;&nbsp;100.000 Producto 2 cantidad &#036;&nbsp;100.000 Apply coupon Total Carrito Subtotal &#036;&nbsp;100.000 Total &#036;&nbsp;100.000 Finalizar Compra\" \/>\n<meta property=\"og:url\" content=\"https:\/\/stjoyeria.com\/index.php\/cart\/\" \/>\n<meta property=\"og:site_name\" content=\"STJOYERIA\" \/>\n<meta property=\"article:modified_time\" content=\"2026-03-16T20:46:52+00:00\" \/>\n<meta property=\"og:image\" content=\"https:\/\/stjoyeria.com\/wp-content\/uploads\/2026\/03\/Produc2-300x300.png\" \/>\n<meta name=\"twitter:card\" content=\"summary_large_image\" \/>\n<script type=\"application\/ld+json\" class=\"yoast-schema-graph\">{\"@context\":\"https:\\\/\\\/schema.org\",\"@graph\":[{\"@type\":\"WebPage\",\"@id\":\"https:\\\/\\\/stjoyeria.com\\\/index.php\\\/cart\\\/\",\"url\":\"https:\\\/\\\/stjoyeria.com\\\/index.php\\\/cart\\\/\",\"name\":\"Cart - STJOYERIA\",\"isPartOf\":{\"@id\":\"https:\\\/\\\/stjoyeria.com\\\/#website\"},\"primaryImageOfPage\":{\"@id\":\"https:\\\/\\\/stjoyeria.com\\\/index.php\\\/cart\\\/#primaryimage\"},\"image\":{\"@id\":\"https:\\\/\\\/stjoyeria.com\\\/index.php\\\/cart\\\/#primaryimage\"},\"thumbnailUrl\":\"https:\\\/\\\/stjoyeria.com\\\/wp-content\\\/uploads\\\/2026\\\/03\\\/Produc2-300x300.png\",\"datePublished\":\"2026-03-12T18:06:10+00:00\",\"dateModified\":\"2026-03-16T20:46:52+00:00\",\"breadcrumb\":{\"@id\":\"https:\\\/\\\/stjoyeria.com\\\/index.php\\\/cart\\\/#breadcrumb\"},\"inLanguage\":\"es\",\"potentialAction\":[{\"@type\":\"ReadAction\",\"target\":[\"https:\\\/\\\/stjoyeria.com\\\/index.php\\\/cart\\\/\"]}]},{\"@type\":\"ImageObject\",\"inLanguage\":\"es\",\"@id\":\"https:\\\/\\\/stjoyeria.com\\\/index.php\\\/cart\\\/#primaryimage\",\"url\":\"https:\\\/\\\/stjoyeria.com\\\/wp-content\\\/uploads\\\/2026\\\/03\\\/Produc2.png\",\"contentUrl\":\"https:\\\/\\\/stjoyeria.com\\\/wp-content\\\/uploads\\\/2026\\\/03\\\/Produc2.png\",\"width\":668,\"height\":668},{\"@type\":\"BreadcrumbList\",\"@id\":\"https:\\\/\\\/stjoyeria.com\\\/index.php\\\/cart\\\/#breadcrumb\",\"itemListElement\":[{\"@type\":\"ListItem\",\"position\":1,\"name\":\"Portada\",\"item\":\"https:\\\/\\\/stjoyeria.com\\\/\"},{\"@type\":\"ListItem\",\"position\":2,\"name\":\"Cart\"}]},{\"@type\":\"WebSite\",\"@id\":\"https:\\\/\\\/stjoyeria.com\\\/#website\",\"url\":\"https:\\\/\\\/stjoyeria.com\\\/\",\"name\":\"STJOYERIA\",\"description\":\"ALTA JOYERIA\",\"publisher\":{\"@id\":\"https:\\\/\\\/stjoyeria.com\\\/#organization\"},\"potentialAction\":[{\"@type\":\"SearchAction\",\"target\":{\"@type\":\"EntryPoint\",\"urlTemplate\":\"https:\\\/\\\/stjoyeria.com\\\/?s={search_term_string}\"},\"query-input\":{\"@type\":\"PropertyValueSpecification\",\"valueRequired\":true,\"valueName\":\"search_term_string\"}}],\"inLanguage\":\"es\"},{\"@type\":\"Organization\",\"@id\":\"https:\\\/\\\/stjoyeria.com\\\/#organization\",\"name\":\"STJOYERIA\",\"url\":\"https:\\\/\\\/stjoyeria.com\\\/\",\"logo\":{\"@type\":\"ImageObject\",\"inLanguage\":\"es\",\"@id\":\"https:\\\/\\\/stjoyeria.com\\\/#\\\/schema\\\/logo\\\/image\\\/\",\"url\":\"https:\\\/\\\/stjoyeria.com\\\/wp-content\\\/uploads\\\/2026\\\/03\\\/ST-Negro-PNG-e1773697084746.png\",\"contentUrl\":\"https:\\\/\\\/stjoyeria.com\\\/wp-content\\\/uploads\\\/2026\\\/03\\\/ST-Negro-PNG-e1773697084746.png\",\"width\":1300,\"height\":970,\"caption\":\"STJOYERIA\"},\"image\":{\"@id\":\"https:\\\/\\\/stjoyeria.com\\\/#\\\/schema\\\/logo\\\/image\\\/\"}}]}<\/script>\n<!-- \/ Yoast SEO plugin. -->","yoast_head_json":{"title":"Cart - STJOYERIA","robots":{"index":"index","follow":"follow","max-snippet":"max-snippet:-1","max-image-preview":"max-image-preview:large","max-video-preview":"max-video-preview:-1"},"canonical":"https:\/\/stjoyeria.com\/index.php\/cart\/","og_locale":"es_ES","og_type":"article","og_title":"Cart - STJOYERIA","og_description":"\u00bfHas recibido una tarjeta regalo de un ser querido? \u00a1\u00dasala aqu\u00ed! Aplica el c\u00f3digo de la tarjeta regalo en el siguiente campo Aplicar tarjeta regalo Eliminar art\u00edculo Imagen en miniatura Producto Precio Cantidad Subtotal &times; Producto 2 &#36;&nbsp;100.000 Producto 2 cantidad &#36;&nbsp;100.000 Apply coupon Total Carrito Subtotal &#36;&nbsp;100.000 Total &#36;&nbsp;100.000 Finalizar Compra","og_url":"https:\/\/stjoyeria.com\/index.php\/cart\/","og_site_name":"STJOYERIA","article_modified_time":"2026-03-16T20:46:52+00:00","og_image":[{"url":"https:\/\/stjoyeria.com\/wp-content\/uploads\/2026\/03\/Produc2-300x300.png","type":"","width":"","height":""}],"twitter_card":"summary_large_image","schema":{"@context":"https:\/\/schema.org","@graph":[{"@type":"WebPage","@id":"https:\/\/stjoyeria.com\/index.php\/cart\/","url":"https:\/\/stjoyeria.com\/index.php\/cart\/","name":"Cart - STJOYERIA","isPartOf":{"@id":"https:\/\/stjoyeria.com\/#website"},"primaryImageOfPage":{"@id":"https:\/\/stjoyeria.com\/index.php\/cart\/#primaryimage"},"image":{"@id":"https:\/\/stjoyeria.com\/index.php\/cart\/#primaryimage"},"thumbnailUrl":"https:\/\/stjoyeria.com\/wp-content\/uploads\/2026\/03\/Produc2-300x300.png","datePublished":"2026-03-12T18:06:10+00:00","dateModified":"2026-03-16T20:46:52+00:00","breadcrumb":{"@id":"https:\/\/stjoyeria.com\/index.php\/cart\/#breadcrumb"},"inLanguage":"es","potentialAction":[{"@type":"ReadAction","target":["https:\/\/stjoyeria.com\/index.php\/cart\/"]}]},{"@type":"ImageObject","inLanguage":"es","@id":"https:\/\/stjoyeria.com\/index.php\/cart\/#primaryimage","url":"https:\/\/stjoyeria.com\/wp-content\/uploads\/2026\/03\/Produc2.png","contentUrl":"https:\/\/stjoyeria.com\/wp-content\/uploads\/2026\/03\/Produc2.png","width":668,"height":668},{"@type":"BreadcrumbList","@id":"https:\/\/stjoyeria.com\/index.php\/cart\/#breadcrumb","itemListElement":[{"@type":"ListItem","position":1,"name":"Portada","item":"https:\/\/stjoyeria.com\/"},{"@type":"ListItem","position":2,"name":"Cart"}]},{"@type":"WebSite","@id":"https:\/\/stjoyeria.com\/#website","url":"https:\/\/stjoyeria.com\/","name":"STJOYERIA","description":"ALTA JOYERIA","publisher":{"@id":"https:\/\/stjoyeria.com\/#organization"},"potentialAction":[{"@type":"SearchAction","target":{"@type":"EntryPoint","urlTemplate":"https:\/\/stjoyeria.com\/?s={search_term_string}"},"query-input":{"@type":"PropertyValueSpecification","valueRequired":true,"valueName":"search_term_string"}}],"inLanguage":"es"},{"@type":"Organization","@id":"https:\/\/stjoyeria.com\/#organization","name":"STJOYERIA","url":"https:\/\/stjoyeria.com\/","logo":{"@type":"ImageObject","inLanguage":"es","@id":"https:\/\/stjoyeria.com\/#\/schema\/logo\/image\/","url":"https:\/\/stjoyeria.com\/wp-content\/uploads\/2026\/03\/ST-Negro-PNG-e1773697084746.png","contentUrl":"https:\/\/stjoyeria.com\/wp-content\/uploads\/2026\/03\/ST-Negro-PNG-e1773697084746.png","width":1300,"height":970,"caption":"STJOYERIA"},"image":{"@id":"https:\/\/stjoyeria.com\/#\/schema\/logo\/image\/"}}]}},"_links":{"self":[{"href":"https:\/\/stjoyeria.com\/index.php\/wp-json\/wp\/v2\/pages\/9","targetHints":{"allow":["GET"]}}],"collection":[{"href":"https:\/\/stjoyeria.com\/index.php\/wp-json\/wp\/v2\/pages"}],"about":[{"href":"https:\/\/stjoyeria.com\/index.php\/wp-json\/wp\/v2\/types\/page"}],"author":[{"embeddable":true,"href":"https:\/\/stjoyeria.com\/index.php\/wp-json\/wp\/v2\/users\/1"}],"replies":[{"embeddable":true,"href":"https:\/\/stjoyeria.com\/index.php\/wp-json\/wp\/v2\/comments?post=9"}],"version-history":[{"count":9,"href":"https:\/\/stjoyeria.com\/index.php\/wp-json\/wp\/v2\/pages\/9\/revisions"}],"predecessor-version":[{"id":531,"href":"https:\/\/stjoyeria.com\/index.php\/wp-json\/wp\/v2\/pages\/9\/revisions\/531"}],"wp:attachment":[{"href":"https:\/\/stjoyeria.com\/index.php\/wp-json\/wp\/v2\/media?parent=9"}],"curies":[{"name":"wp","href":"https:\/\/api.w.org\/{rel}","templated":true}]}}